{"id":1361,"date":"2020-08-21T13:46:24","date_gmt":"2020-08-21T11:46:24","guid":{"rendered":"http:\/\/www.kg-wirges.de\/?page_id=1361"},"modified":"2020-08-22T14:33:20","modified_gmt":"2020-08-22T12:33:20","slug":"homepage","status":"publish","type":"page","link":"http:\/\/kg-wirges.de\/new\/?page_id=1361","title":{"rendered":"Merchandise Shop"},"content":{"rendered":"\n<div class=\"wp-block-cover is-position-center-center\" style=\"background-image:url(http:\/\/www.kg-wirges.de\/new\/wp-content\/uploads\/2020\/08\/DSC_0326.jpg);background-position:50% 50%\"><div class=\"wp-block-cover__inner-container\">\n<h1 class=\"has-text-align-center has-white-color has-text-color has-large-font-size\">Willkommen im Shop<\/h1>\n\n\n\n<p><\/p>\n\n\n\n<div class=\"wp-block-button aligncenter\"><a class=\"wp-block-button__link\" href=\"http:\/\/www.kg-wirges.de\/?page_id=1328\">Einkaufen gehen<\/a><\/div>\n\n\n\n<p><\/p>\n<\/div><\/div>\n\n\n\n<h2 class=\"has-text-align-center\"><br>Neueste Produkte<\/h2>\n\n\n<div data-block-name=\"woocommerce\/product-new\" class=\"wc-block-grid wp-block-product-new wc-block-product-new has-3-columns has-multiple-rows\"><ul class=\"wc-block-grid__products\"><li class=\"wc-block-grid__product\">\n\t\t\t\t<a href=\"http:\/\/kg-wirges.de\/new\/?product=kg-flagge\" class=\"wc-block-grid__product-link\">\n\t\t\t\t\t<div class=\"wc-block-grid__product-image\"><img width=\"300\" height=\"300\" src=\"http:\/\/kg-wirges.de\/new\/wp-content\/uploads\/2020\/08\/flagge-300x300.jpg\" class=\"attachment-woocommerce_thumbnail size-woocommerce_thumbnail\" alt=\"KG Flagge\" loading=\"lazy\" \/><\/div>\n\t\t\t\t\t<div class=\"wc-block-grid__product-title\">KG Flagge<\/div>\n\t\t\t\t<\/a>\n\t\t\t\t\n\t\t\t\t<div class=\"wc-block-grid__product-price price\"><span class=\"woocommerce-Price-amount amount\"><span class=\"woocommerce-Price-currencySymbol\">&euro;<\/span>25,00<\/span><\/div>\n\t\t\t\t\n\t\t\t\t<div class=\"wp-block-button wc-block-grid__product-add-to-cart\"><a href=\"?add-to-cart=1340\" aria-label=\"\u201eKG Flagge\u201c zu deinem Warenkorb hinzuf\u00fcgen\" data-quantity=\"1\" data-product_id=\"1340\" data-product_sku=\"\" rel=\"nofollow\" class=\"wp-block-button__link  add_to_cart_button ajax_add_to_cart\">In den Warenkorb<\/a><\/div>\n\t\t\t<\/li><li class=\"wc-block-grid__product\">\n\t\t\t\t<a href=\"http:\/\/kg-wirges.de\/new\/?product=kg-flaschenoeffner\" class=\"wc-block-grid__product-link\">\n\t\t\t\t\t<div class=\"wc-block-grid__product-image\"><img width=\"300\" height=\"300\" src=\"http:\/\/kg-wirges.de\/new\/wp-content\/uploads\/2020\/08\/oeffner-300x300.jpg\" class=\"attachment-woocommerce_thumbnail size-woocommerce_thumbnail\" alt=\"KG Flaschen\u00f6ffner\" loading=\"lazy\" \/><\/div>\n\t\t\t\t\t<div class=\"wc-block-grid__product-title\">KG Flaschen\u00f6ffner<\/div>\n\t\t\t\t<\/a>\n\t\t\t\t\n\t\t\t\t<div class=\"wc-block-grid__product-price price\"><span class=\"woocommerce-Price-amount amount\"><span class=\"woocommerce-Price-currencySymbol\">&euro;<\/span>3,00<\/span><\/div>\n\t\t\t\t\n\t\t\t\t<div class=\"wp-block-button wc-block-grid__product-add-to-cart\"><a href=\"?add-to-cart=1339\" aria-label=\"\u201eKG Flaschen\u00f6ffner\u201c zu deinem Warenkorb hinzuf\u00fcgen\" data-quantity=\"1\" data-product_id=\"1339\" data-product_sku=\"\" rel=\"nofollow\" class=\"wp-block-button__link  add_to_cart_button ajax_add_to_cart\">In den Warenkorb<\/a><\/div>\n\t\t\t<\/li><li class=\"wc-block-grid__product\">\n\t\t\t\t<a href=\"http:\/\/kg-wirges.de\/new\/?product=kg-mini-flaschenoeffner\" class=\"wc-block-grid__product-link\">\n\t\t\t\t\t<div class=\"wc-block-grid__product-image\"><img width=\"300\" height=\"300\" src=\"http:\/\/kg-wirges.de\/new\/wp-content\/uploads\/2020\/08\/mini-300x300.jpg\" class=\"attachment-woocommerce_thumbnail size-woocommerce_thumbnail\" alt=\"KG Mini-Flaschen\u00f6ffner\" loading=\"lazy\" \/><\/div>\n\t\t\t\t\t<div class=\"wc-block-grid__product-title\">KG Mini-Flaschen\u00f6ffner<\/div>\n\t\t\t\t<\/a>\n\t\t\t\t\n\t\t\t\t<div class=\"wc-block-grid__product-price price\"><span class=\"woocommerce-Price-amount amount\"><span class=\"woocommerce-Price-currencySymbol\">&euro;<\/span>2,00<\/span><\/div>\n\t\t\t\t\n\t\t\t\t<div class=\"wp-block-button wc-block-grid__product-add-to-cart\"><a href=\"?add-to-cart=1337\" aria-label=\"\u201eKG Mini-Flaschen\u00f6ffner\u201c zu deinem Warenkorb hinzuf\u00fcgen\" data-quantity=\"1\" data-product_id=\"1337\" data-product_sku=\"\" rel=\"nofollow\" class=\"wp-block-button__link  add_to_cart_button ajax_add_to_cart\">In den Warenkorb<\/a><\/div>\n\t\t\t<\/li><li class=\"wc-block-grid__product\">\n\t\t\t\t<a href=\"http:\/\/kg-wirges.de\/new\/?product=kg-feuerzeug\" class=\"wc-block-grid__product-link\">\n\t\t\t\t\t<div class=\"wc-block-grid__product-image\"><img width=\"300\" height=\"300\" src=\"http:\/\/kg-wirges.de\/new\/wp-content\/uploads\/2020\/08\/feuer-300x300.jpg\" class=\"attachment-woocommerce_thumbnail size-woocommerce_thumbnail\" alt=\"KG Feuerzeug\" loading=\"lazy\" \/><\/div>\n\t\t\t\t\t<div class=\"wc-block-grid__product-title\">KG Feuerzeug<\/div>\n\t\t\t\t<\/a>\n\t\t\t\t\n\t\t\t\t<div class=\"wc-block-grid__product-price price\"><span class=\"woocommerce-Price-amount amount\"><span class=\"woocommerce-Price-currencySymbol\">&euro;<\/span>2,00<\/span><\/div>\n\t\t\t\t\n\t\t\t\t<div class=\"wp-block-button wc-block-grid__product-add-to-cart\"><a href=\"?add-to-cart=1336\" aria-label=\"\u201eKG Feuerzeug\u201c zu deinem Warenkorb hinzuf\u00fcgen\" data-quantity=\"1\" data-product_id=\"1336\" data-product_sku=\"\" rel=\"nofollow\" class=\"wp-block-button__link  add_to_cart_button ajax_add_to_cart\">In den Warenkorb<\/a><\/div>\n\t\t\t<\/li><li class=\"wc-block-grid__product\">\n\t\t\t\t<a href=\"http:\/\/kg-wirges.de\/new\/?product=kg-wirges-sonnenbrille\" class=\"wc-block-grid__product-link\">\n\t\t\t\t\t<div class=\"wc-block-grid__product-image\"><img width=\"300\" height=\"300\" src=\"http:\/\/kg-wirges.de\/new\/wp-content\/uploads\/2020\/08\/sonne-300x300.jpg\" class=\"attachment-woocommerce_thumbnail size-woocommerce_thumbnail\" alt=\"KG Sonnenbrille\" loading=\"lazy\" \/><\/div>\n\t\t\t\t\t<div class=\"wc-block-grid__product-title\">KG Sonnenbrille<\/div>\n\t\t\t\t<\/a>\n\t\t\t\t\n\t\t\t\t<div class=\"wc-block-grid__product-price price\"><span class=\"woocommerce-Price-amount amount\"><span class=\"woocommerce-Price-currencySymbol\">&euro;<\/span>4,00<\/span><\/div>\n\t\t\t\t\n\t\t\t\t<div class=\"wp-block-button wc-block-grid__product-add-to-cart\"><a href=\"http:\/\/kg-wirges.de\/new\/?product=kg-wirges-sonnenbrille\" aria-label=\"Lese mehr \u00fcber &#8222;KG Sonnenbrille&#8220;\" data-quantity=\"1\" data-product_id=\"1332\" data-product_sku=\"\" rel=\"nofollow\" class=\"wp-block-button__link  add_to_cart_button\">Weiterlesen<\/a><\/div>\n\t\t\t<\/li><\/ul><\/div>\n\n\n<div class=\"wp-block-media-text alignwide is-stacked-on-mobile is-vertically-aligned-center\" style=\"grid-template-columns:35% auto\"><figure class=\"wp-block-media-text__media\"><img loading=\"lazy\" width=\"768\" height=\"1024\" src=\"http:\/\/www.kg-wirges.de\/new\/wp-content\/uploads\/2020\/08\/werbe3-768x1024.jpg\" alt=\"\" class=\"wp-image-1388\"\/><\/figure><div class=\"wp-block-media-text__content\">\n<p class=\"has-text-align-center has-medium-font-size\"><strong>Dein Wunschprodukt ist nicht verf\u00fcgbar?<\/strong><\/p>\n<\/div><\/div>\n\n\n\n<div class=\"wp-block-media-text alignwide has-media-on-the-right is-stacked-on-mobile is-vertically-aligned-center\"><figure class=\"wp-block-media-text__media\"><img loading=\"lazy\" width=\"1024\" height=\"768\" src=\"http:\/\/www.kg-wirges.de\/new\/wp-content\/uploads\/2020\/08\/werbe1-1024x768.jpg\" alt=\"\" class=\"wp-image-1386\"\/><\/figure><div class=\"wp-block-media-text__content\">\n<p class=\"has-text-align-center has-medium-font-size\"><strong>Du hast eine tolle Idee f\u00fcr ein Merchandise Produkt? <\/strong><\/p>\n<\/div><\/div>\n\n\n\n<div class=\"wp-block-media-text alignwide is-stacked-on-mobile is-vertically-aligned-center\" style=\"grid-template-columns:35% auto\"><figure class=\"wp-block-media-text__media\"><img loading=\"lazy\" width=\"768\" height=\"1024\" src=\"http:\/\/www.kg-wirges.de\/new\/wp-content\/uploads\/2020\/08\/werbe2-768x1024.jpg\" alt=\"\" class=\"wp-image-1387\"\/><\/figure><div class=\"wp-block-media-text__content\">\n<p class=\"has-text-align-center has-medium-font-size\"><strong>Ganz Wirges soll damit ausgestattet sein?<br><br>Sende uns deine Ideen und W\u00fcnsche an: <\/strong><br><br><strong><a href=\"mailto:merchandise@kg-wirges.de\">merchandise@kg-wirges.de<\/a><\/strong><\/p>\n<\/div><\/div>\n\n\n\n<p><\/p>\n","protected":false},"excerpt":{"rendered":"<p>Neueste Produkte Dein Wunschprodukt ist nicht verf\u00fcgbar? Du hast eine tolle Idee f\u00fcr ein Merchandise Produkt? Ganz Wirges soll damit ausgestattet sein? Sende uns deine Ideen und W\u00fcnsche an: merchandise@kg-wirges.de<\/p>\n","protected":false},"author":1,"featured_media":0,"parent":0,"menu_order":0,"comment_status":"closed","ping_status":"closed","template":"","meta":{"_et_pb_use_builder":"","_et_pb_old_content":"","_et_gb_content_width":"1080"},"_links":{"self":[{"href":"http:\/\/kg-wirges.de\/new\/index.php?rest_route=\/wp\/v2\/pages\/1361"}],"collection":[{"href":"http:\/\/kg-wirges.de\/new\/index.php?rest_route=\/wp\/v2\/pages"}],"about":[{"href":"http:\/\/kg-wirges.de\/new\/index.php?rest_route=\/wp\/v2\/types\/page"}],"author":[{"embeddable":true,"href":"http:\/\/kg-wirges.de\/new\/index.php?rest_route=\/wp\/v2\/users\/1"}],"replies":[{"embeddable":true,"href":"http:\/\/kg-wirges.de\/new\/index.php?rest_route=%2Fwp%2Fv2%2Fcomments&post=1361"}],"version-history":[{"count":0,"href":"http:\/\/kg-wirges.de\/new\/index.php?rest_route=\/wp\/v2\/pages\/1361\/revisions"}],"wp:attachment":[{"href":"http:\/\/kg-wirges.de\/new\/index.php?rest_route=%2Fwp%2Fv2%2Fmedia&parent=1361"}],"curies":[{"name":"wp","href":"https:\/\/api.w.org\/{rel}","templated":true}]}}