{"id":214,"date":"2018-07-04T21:44:00","date_gmt":"2018-07-04T19:44:00","guid":{"rendered":"http:\/\/www.kg-wirges.de\/new\/?page_id=214"},"modified":"2020-01-04T02:33:53","modified_gmt":"2020-01-04T01:33:53","slug":"geschichte","status":"publish","type":"page","link":"http:\/\/kg-wirges.de\/new\/?page_id=214","title":{"rendered":"Geschichte"},"content":{"rendered":"<p>[et_pb_section fb_built=&#8221;1&#8243; _builder_version=&#8221;3.27.4&#8243; fb_built=&#8221;1&#8243; _i=&#8221;0&#8243; _address=&#8221;0&#8243;][et_pb_row _builder_version=&#8221;3.27.4&#8243; _i=&#8221;0&#8243; _address=&#8221;0.0&#8243;][et_pb_column type=&#8221;4_4&#8243; _builder_version=&#8221;3.27.4&#8243; _i=&#8221;0&#8243; _address=&#8221;0.0.0&#8243;][et_pb_text _builder_version=&#8221;3.27.4&#8243; text_orientation=&#8221;center&#8221; hover_enabled=&#8221;0&#8243; _i=&#8221;0&#8243; _address=&#8221;0.0.0.0&#8243;]<\/p>\n<h2 style=\"text-align: center;\">Es war einmal\u2026<\/h2>\n<p>&nbsp;<\/p>\n<p>\u2026vor langer, langer Zeit\u2026da fanden sich an einem Freitag den Dreizehnten am 13. September 2019 sieben Mitglieder der damaligen Kirmesgesellschaft aus vier unterschiedlichen Ehemaligengruppierungen (\u201eDomstars Wirges\u201c, \u201eBermudakings und -queens\u201c, \u201eDie Helden der Obergass\u201c und \u201eTippiTitanen\u201c) im Reginlindenpark in Wirges zusammen, um alle jahrelangen internen Unstimmig- und Uneinigkeiten zu Gunsten eines h\u00f6heren Zweckes und Wohles beiseite zu legen und die Kirmesgesellschaft Wirges endlich, nach einem Jahrzehnt Vorlaufzeit und Planung, als Verein zu gr\u00fcnden. Nachdem die Stadt Wirges im Jahr 2008 aufgrund unerfreulicher Entwicklungen der Kirmesjugend aus den Vorjahren dazu gezwungen war die Kirmesjugend beim Kirchweihfest auszusetzen, fanden sich im Folgejahr 2009 erneut ein paar motivierte und engagierte Jugendliche der Geburtenjahrg\u00e4nge 1989-1991 zusammen, um der Kirmesjugend wieder einen guten Ruf zu verschaffen und die Tradition des Kirchweihfestes und einer daf\u00fcr mitverantwortlichen Jugendgruppe fortzuf\u00fchren. Mit tatkr\u00e4ftiger Unterst\u00fctzung des B\u00fcrgervereines \u201eDie Wa(h)ren\u201c gelang dieses Unterfangen bereits im ersten Jahr bravour\u00f6s. Es folgten viele Jahre erfolgreichen Wirtschaftens und Kirmesfeierns, ehe die urspr\u00fcnglichen \u201eNeugr\u00fcnder\u201c der Kirmesjugend im Jahr 2009, nach andauernder dreij\u00e4hriger \u201eT\u00e4tigkeit\u201c (ungew\u00f6hnlich und erstmals in der Kirmesgeschichte der Stadt Wirges, zuvor war jeder Jahrgang zumeist nur ein Jahr lang aktiv) die gro\u00dfe B\u00fchne des Kirchweihfestes verlie\u00dfen, um \u201eJ\u00fcngeren\u201c Platz zu machen und die Tradition weiterzugeben. Dennoch blieb der Freundeskreis der Wirgeser Kirmes erhalten \u2013 man gr\u00fcndete die Allstar-Gruppe (Ehemaligengruppierung) \u201eDomstars Wirges\u201c und stand den neuen Kirmesjahrg\u00e4ngen in schwarzen Polos gekleidet mit Rat und Tat zur Seite. Diesem Beispiel folgend fand sich bereits zwei Jahre sp\u00e4ter ein weiterer, scheidender Jahrgang als neue Allstar-Gruppe zusammen\u2026die Bermudakings und -queens, in edles gr\u00fcn geh\u00fcllt, waren geboren. Es folgten weitere Jahre, weitere Allstar-Gruppen (\u201eDie Helden der Obergass\u201c in wei\u00df und grau sowie die \u201eTippiTitanen\u201c in lila und zuletzt die \u201eObergassis\u201c, ebenfalls in schwarz) und der Verbund der Ehemaligen mitsamt der amtierenden Kirmesjugend und der Nachl\u00e4uferschar wuchs und wuchs\u2026bis letztlich gar die Zahl von \u00fcber 100 Mitgliedern \u00fcberschritten war. Ein beispielloses Projekt, dass in der umliegenden Nachbarschaft, in der die Kirmesjugenden eher aussterben, als zu wachsen, h\u00e4nderingend doch ergebnislos und verzweifelt Nachahmung sucht. Mit der Vielzahl der Mitglied kam auch eine Vielzahl an Meinungen, Einstellungen, Vorstellungen\u2026und mit der Vielseitigkeit fanden auch bald Unstimmigkeiten Einzug in die doch sonst \u00fcber Jahre hinweg so gefestigte, einige Truppe. Ob der Umst\u00e4nde gewiss normale Entwicklungen, denen man aber dennoch immer wieder auf unterschiedliche Art und Weise beizukommen versuchte \u2013 erfolglos. Dies war der Moment, wo die Idee einer Vereinsgr\u00fcndung erstmals aufkam und durch einige altgediente K\u00f6pfe der Gesamtgruppe ging. Es gab Gespr\u00e4che, es gab Treffen, es gab gute Ideen und Ans\u00e4tze\u2026doch wieder gab es Unstimmigkeiten, Uneinigkeiten, Ungereimtheiten. Erneut schob man den Einfall auf die lange Bank, in der Hoffnung, dort m\u00f6ge er noch ein wenig reifen und gedeihen. Er reifte, er gedieh \u2013 und kam einige Jahre wieder zur Sprache. Doch abermals schien es noch nicht an der Zeit, ihn in die Tat umzusetzen. Das F\u00fcr und Wider sprach B\u00e4nde dar\u00fcber, dass das Ziel allen Beteiligten klar und eins war \u2013 der Weg dorthin jedoch noch nicht so ganz. Erneut entwich der Gedanke in die hinteren Gefilde der K\u00f6pfe und fand f\u00fcr sich ein weiteres Mal Zeit, um Form anzunehmen. Gras wuchs \u00fcber so manchen H\u00fcgeln, metaphorisch und real, und nach einer harmonischen und sch\u00f6nen Kirmes im Jahr 2019 war es dann soweit. Der Gedanke der Vereinsgr\u00fcndung reifte, er gedieh\u2026und er sp\u00fcrte, dass seine Zeit gekommen war. Bei Expertinnen und Experten und jahrelangen Weggef\u00e4hrtinnen und \u2013gef\u00e4hrten herrscht Unklarheit dar\u00fcber, der wievielte Anlauf es letztlich war. Doch was lange w\u00e4hrt, wird endlich gut! Der Kirmes 2019 folgte ein unverbindliches, lockeres Treffen, das schon bald die gereiften Fr\u00fcchte jahrelanger \u00dcberlegungen zu Tage f\u00f6rderte. Von da an ging alles recht schnell. Ein herrlich frischer Septembertag im st\u00e4dtischen Park, freudig aufgeregte Gesichter und ein Blatt Papier. Es war vollbracht. Die Gr\u00fcndungsmitglieder waren Konstantin Rolheiser (TippiTitanen), Markus und Jacqueline Schlotter und Adrian Jungbluth (Die Helden der Obergass), Manuel Metternich (Bermudakings und -queens) sowie Frederic Gielsdorf und Sascha Ley (Domstars Wirges), die allesamt zuvor in administrativen und\/oder repr\u00e4sentativen Funktionen und \u00c4mtern f\u00fcr die Kirmesjugend und die Kirmesgesellschaft t\u00e4tig waren und das Geschehen des Kirchweihfestes ein Jahrzehnt lang in besonderer Weise aktiv mitgepr\u00e4gt und mitgestaltet haben. Der b\u00fcrokratisch noch sehr aufwandsarmen Gr\u00fcndung folgte ein sehr aufwandsreicher, intensiver Arbeitsprozess hinsichtlich der Vereinssatzung, der Vereinsordnung\/Gesch\u00e4ftsordnung und etwaiger anderer Formalit\u00e4ten, jene die Geduld der Gr\u00fcndungsmitglieder im Reigen der deutschen B\u00fcrokratie mehrfach auf eine harte Probe stellten. Nach langen Wochen des Wartens, der Amtskonsultationen und der Rechtsberatungen war es dann endlich soweit: die Kirmesgesellschaft Wirges wurde am 28. November des Jahres 2019 in das Vereinsregister des Amtsgerichtes Montabaur eingetragen und durfte fortan den Namenszusatz \u201ee.V.\u201c, eingetragener Verein, f\u00fchren. Das erste Gesch\u00e4ftsjahr des Vereines wurde das Kalenderjahr 2020. Der Verein und seine Mitglieder schrieben sich auf die Fahnen das Wirgeser Kirchweihfest wieder zu einer festen Veranstaltungsgr\u00f6\u00dfe im Kreis zu machen und durch aktive Mitgestaltung das Kirmeserlebnis f\u00fcr Jung und Alt wieder zu einem H\u00f6hepunkt des Jahres f\u00fcr alle Wirgeserinnen und Wirgeser zu machen. Was lange w\u00e4hrt\u2026wird endlich gut!\u201c<\/p>\n<p>[\/et_pb_text][\/et_pb_column][\/et_pb_row][\/et_pb_section]<\/p>\n","protected":false},"excerpt":{"rendered":"<p>Es war einmal\u2026 &nbsp; \u2026vor langer, langer Zeit\u2026da fanden sich an einem Freitag den Dreizehnten am 13. September 2019 sieben Mitglieder der damaligen Kirmesgesellschaft aus vier unterschiedlichen Ehemaligengruppierungen (\u201eDomstars Wirges\u201c, [&hellip;]<\/p>\n","protected":false},"author":1,"featured_media":0,"parent":71,"menu_order":0,"comment_status":"closed","ping_status":"closed","template":"","meta":{"_et_pb_use_builder":"on","_et_pb_old_content":"","_et_gb_content_width":""},"_links":{"self":[{"href":"http:\/\/kg-wirges.de\/new\/index.php?rest_route=\/wp\/v2\/pages\/214"}],"collection":[{"href":"http:\/\/kg-wirges.de\/new\/index.php?rest_route=\/wp\/v2\/pages"}],"about":[{"href":"http:\/\/kg-wirges.de\/new\/index.php?rest_route=\/wp\/v2\/types\/page"}],"author":[{"embeddable":true,"href":"http:\/\/kg-wirges.de\/new\/index.php?rest_route=\/wp\/v2\/users\/1"}],"replies":[{"embeddable":true,"href":"http:\/\/kg-wirges.de\/new\/index.php?rest_route=%2Fwp%2Fv2%2Fcomments&post=214"}],"version-history":[{"count":0,"href":"http:\/\/kg-wirges.de\/new\/index.php?rest_route=\/wp\/v2\/pages\/214\/revisions"}],"up":[{"embeddable":true,"href":"http:\/\/kg-wirges.de\/new\/index.php?rest_route=\/wp\/v2\/pages\/71"}],"wp:attachment":[{"href":"http:\/\/kg-wirges.de\/new\/index.php?rest_route=%2Fwp%2Fv2%2Fmedia&parent=214"}],"curies":[{"name":"wp","href":"https:\/\/api.w.org\/{rel}","templated":true}]}}