{"id":247,"date":"2018-07-05T00:33:12","date_gmt":"2018-07-04T22:33:12","guid":{"rendered":"http:\/\/www.kg-wirges.de\/new\/?page_id=247"},"modified":"2023-09-05T08:10:39","modified_gmt":"2023-09-05T06:10:39","slug":"aktuelles-2","status":"publish","type":"page","link":"http:\/\/kg-wirges.de\/new\/?page_id=247","title":{"rendered":"Startseite 2"},"content":{"rendered":"<p>[et_pb_section fb_built=&#8221;1&#8243; _builder_version=&#8221;4.16&#8243; global_colors_info=&#8221;{}&#8221;][et_pb_row _builder_version=&#8221;4.16&#8243; global_colors_info=&#8221;{}&#8221;][et_pb_column type=&#8221;4_4&#8243; _builder_version=&#8221;4.16&#8243; global_colors_info=&#8221;{}&#8221;][et_pb_text _builder_version=&#8221;4.16&#8243; global_colors_info=&#8221;{}&#8221;]<\/p>\n<h2 style=\"text-align: center;\"><strong>HERZLICH WILLKOMMEN!<\/strong><\/h2>\n<p>&nbsp;<\/p>\n<p style=\"text-align: center;\">Die Kirmesgesellschaft Wirges e.V. begr\u00fc\u00dft Sie und euch recht herzlich auf unserer Internetpr\u00e4senz. <br \/>Hier finden sich allerlei Informationen rund um den Verein, seinen Vorstand und seine Mitglieder, das Wirgeser Kirchweihfest und unsere geliebten Kirmestraditionen.<\/p>\n<p style=\"text-align: center;\">\n<p style=\"text-align: center;\">Wir w\u00fcnschen viel Vergn\u00fcgen beim St\u00f6bern!<\/p>\n<p>[\/et_pb_text][\/et_pb_column][\/et_pb_row][et_pb_row _builder_version=&#8221;4.16&#8243; global_colors_info=&#8221;{}&#8221;][et_pb_column type=&#8221;4_4&#8243; _builder_version=&#8221;4.16&#8243; global_colors_info=&#8221;{}&#8221;][et_pb_countdown_timer title=&#8221;Die Wirgeser Kirmes 2024 startet in &#8230;&#8221; date_time=&#8221;2024-08-30 18:00&#8243; _builder_version=&#8221;4.17.6&#8243; header_font=&#8221;|700|||||||&#8221; background_color=&#8221;#0c71c3&#8243; width=&#8221;70%&#8221; module_alignment=&#8221;center&#8221; hover_enabled=&#8221;0&#8243; global_colors_info=&#8221;{}&#8221; sticky_enabled=&#8221;0&#8243;][\/et_pb_countdown_timer][\/et_pb_column][\/et_pb_row][\/et_pb_section]<\/p>\n","protected":false},"excerpt":{"rendered":"<p>HERZLICH WILLKOMMEN! &nbsp; Die Kirmesgesellschaft Wirges e.V. begr\u00fc\u00dft Sie und euch recht herzlich auf unserer Internetpr\u00e4senz. Hier finden sich allerlei Informationen rund um den Verein, seinen Vorstand und seine Mitglieder, [&hellip;]<\/p>\n","protected":false},"author":1,"featured_media":0,"parent":0,"menu_order":0,"comment_status":"closed","ping_status":"closed","template":"","meta":{"_et_pb_use_builder":"on","_et_pb_old_content":"","_et_gb_content_width":""},"_links":{"self":[{"href":"http:\/\/kg-wirges.de\/new\/index.php?rest_route=\/wp\/v2\/pages\/247"}],"collection":[{"href":"http:\/\/kg-wirges.de\/new\/index.php?rest_route=\/wp\/v2\/pages"}],"about":[{"href":"http:\/\/kg-wirges.de\/new\/index.php?rest_route=\/wp\/v2\/types\/page"}],"author":[{"embeddable":true,"href":"http:\/\/kg-wirges.de\/new\/index.php?rest_route=\/wp\/v2\/users\/1"}],"replies":[{"embeddable":true,"href":"http:\/\/kg-wirges.de\/new\/index.php?rest_route=%2Fwp%2Fv2%2Fcomments&post=247"}],"version-history":[{"count":3,"href":"http:\/\/kg-wirges.de\/new\/index.php?rest_route=\/wp\/v2\/pages\/247\/revisions"}],"predecessor-version":[{"id":2654,"href":"http:\/\/kg-wirges.de\/new\/index.php?rest_route=\/wp\/v2\/pages\/247\/revisions\/2654"}],"wp:attachment":[{"href":"http:\/\/kg-wirges.de\/new\/index.php?rest_route=%2Fwp%2Fv2%2Fmedia&parent=247"}],"curies":[{"name":"wp","href":"https:\/\/api.w.org\/{rel}","templated":true}]}}