{"id":297,"date":"2019-09-10T08:34:28","date_gmt":"2019-09-10T06:34:28","guid":{"rendered":"http:\/\/www.kg-wirges.de\/new\/?page_id=297"},"modified":"2020-01-04T16:24:54","modified_gmt":"2020-01-04T15:24:54","slug":"chronik-der-kg","status":"publish","type":"page","link":"http:\/\/kg-wirges.de\/new\/?page_id=297","title":{"rendered":"Chronik der Kirmesgesellschaft Wirges"},"content":{"rendered":"<p>[et_pb_section fb_built=&#8221;1&#8243; _builder_version=&#8221;3.27.4&#8243; fb_built=&#8221;1&#8243; _i=&#8221;0&#8243; _address=&#8221;0&#8243;][et_pb_row _builder_version=&#8221;3.27.4&#8243; _i=&#8221;0&#8243; _address=&#8221;0.0&#8243;][et_pb_column type=&#8221;4_4&#8243; _builder_version=&#8221;3.27.4&#8243; _i=&#8221;0&#8243; _address=&#8221;0.0.0&#8243;][et_pb_text _builder_version=&#8221;3.27.4&#8243; text_orientation=&#8221;center&#8221; hover_enabled=&#8221;0&#8243; _i=&#8221;0&#8243; _address=&#8221;0.0.0.0&#8243;]<\/p>\n<h2 style=\"text-align: center;\">CHRONIK DER KIRMESGESELLSCHFT WIRGES<\/h2>\n<p>&nbsp;<\/p>\n<p style=\"text-align: center;\">Hier entsteht in K\u00fcrze eine umfangreiche Chronik der Jahrg\u00e4nge der Wirgeser Kirmesgesellschaften mit einer Auff\u00fchrung ihrer Mitglieder, ihrer Verantwortlichen, T\u00e4tigkeiten und Aktionen der jeweils amtierenden Jahrg\u00e4nge sowie ihrer Aktivit\u00e4ten und Veranstaltungen au\u00dferhalb des Wirgeser Kirchweihfestes.<\/p>\n<p>[\/et_pb_text][\/et_pb_column][\/et_pb_row][\/et_pb_section]<\/p>\n","protected":false},"excerpt":{"rendered":"<p>CHRONIK DER KIRMESGESELLSCHFT WIRGES &nbsp; Hier entsteht in K\u00fcrze eine umfangreiche Chronik der Jahrg\u00e4nge der Wirgeser Kirmesgesellschaften mit einer Auff\u00fchrung ihrer Mitglieder, ihrer Verantwortlichen, T\u00e4tigkeiten und Aktionen der jeweils amtierenden [&hellip;]<\/p>\n","protected":false},"author":1,"featured_media":0,"parent":266,"menu_order":0,"comment_status":"closed","ping_status":"closed","template":"","meta":{"_et_pb_use_builder":"on","_et_pb_old_content":"","_et_gb_content_width":""},"_links":{"self":[{"href":"http:\/\/kg-wirges.de\/new\/index.php?rest_route=\/wp\/v2\/pages\/297"}],"collection":[{"href":"http:\/\/kg-wirges.de\/new\/index.php?rest_route=\/wp\/v2\/pages"}],"about":[{"href":"http:\/\/kg-wirges.de\/new\/index.php?rest_route=\/wp\/v2\/types\/page"}],"author":[{"embeddable":true,"href":"http:\/\/kg-wirges.de\/new\/index.php?rest_route=\/wp\/v2\/users\/1"}],"replies":[{"embeddable":true,"href":"http:\/\/kg-wirges.de\/new\/index.php?rest_route=%2Fwp%2Fv2%2Fcomments&post=297"}],"version-history":[{"count":0,"href":"http:\/\/kg-wirges.de\/new\/index.php?rest_route=\/wp\/v2\/pages\/297\/revisions"}],"up":[{"embeddable":true,"href":"http:\/\/kg-wirges.de\/new\/index.php?rest_route=\/wp\/v2\/pages\/266"}],"wp:attachment":[{"href":"http:\/\/kg-wirges.de\/new\/index.php?rest_route=%2Fwp%2Fv2%2Fmedia&parent=297"}],"curies":[{"name":"wp","href":"https:\/\/api.w.org\/{rel}","templated":true}]}}