{"id":306,"date":"2019-09-10T08:37:44","date_gmt":"2019-09-10T06:37:44","guid":{"rendered":"http:\/\/www.kg-wirges.de\/new\/?page_id=306"},"modified":"2020-01-20T06:09:29","modified_gmt":"2020-01-20T05:09:29","slug":"der-vorstand","status":"publish","type":"page","link":"http:\/\/kg-wirges.de\/new\/?page_id=306","title":{"rendered":"Der Vorstand"},"content":{"rendered":"<p>[et_pb_section fb_built=&#8221;1&#8243; admin_label=&#8221;section&#8221; _builder_version=&#8221;3.22&#8243;][et_pb_row _builder_version=&#8221;3.27.4&#8243;][et_pb_column type=&#8221;4_4&#8243; _builder_version=&#8221;3.27.4&#8243;][et_pb_text _builder_version=&#8221;3.27.4&#8243;]<\/p>\n<p style=\"text-align: center;\">Der gesch\u00e4ftsf\u00fchrende Vorstand der Kirmesgesellschaft Wirges e.V. besteht aus f\u00fcnf gleichberechtigten Mitgliedern. <br \/>Der gesch\u00e4ftsf\u00fchrende Vorstand des Vereines ist derzeit wie folgt besetzt:<\/p>\n<p>[\/et_pb_text][\/et_pb_column][\/et_pb_row][et_pb_row column_structure=&#8221;1_5,1_5,1_5,1_5,1_5&#8243; _builder_version=&#8221;3.27.4&#8243;][et_pb_column type=&#8221;1_5&#8243; _builder_version=&#8221;3.27.4&#8243;][et_pb_team_member name=&#8221;Sascha Ley&#8221; position=&#8221;Gesch\u00e4ftsf\u00fchrer&#8221; image_url=&#8221;http:\/\/www.kg-wirges.de\/new\/wp-content\/uploads\/2020\/01\/Sascha_Profil-300&#215;300.jpg&#8221; module_class=&#8221;b3_team&#8221; _builder_version=&#8221;4.0.11&#8243; header_level=&#8221;h5&#8243; header_text_align=&#8221;center&#8221; body_font=&#8221;||||||||&#8221; body_text_align=&#8221;left&#8221; position_font=&#8221;|600|||||||&#8221; position_text_align=&#8221;center&#8221; position_font_size=&#8221;15px&#8221; text_orientation=&#8221;left&#8221; custom_margin=&#8221;|-20px|||false|false&#8221;]<\/p>\n<ul>\n<li>Mittelbeschaffung \/ Sponsoring \/ Beantragung von F\u00f6rdermitteln<\/li>\n<li>Vorbereitung &#8211; Leitung der Mitgliederversammlungen sowie Vorstandssitzungen<\/li>\n<li>Verwaltung der Vereinsgesch\u00e4fte \/ Verwendung der Mittel f\u00fcr den Vereinszweck<\/li>\n<li>Regelung der internen Gesch\u00e4ftsabl\u00e4ufe <\/li>\n<li>Veranstaltungsplanung und -organisation<\/li>\n<\/ul>\n<p>[\/et_pb_team_member][\/et_pb_column][et_pb_column type=&#8221;1_5&#8243; _builder_version=&#8221;3.27.4&#8243;][et_pb_team_member name=&#8221;Konstantin Rolheiser&#8221; position=&#8221;Mitgliedsbeauftragter&#8221; image_url=&#8221;http:\/\/www.kg-wirges.de\/new\/wp-content\/uploads\/2020\/01\/Konstantin_Profil-300&#215;300.jpg&#8221; module_class=&#8221;b3_team&#8221; _builder_version=&#8221;4.0.11&#8243; header_level=&#8221;h5&#8243; header_text_align=&#8221;center&#8221; position_font=&#8221;|600|||||||&#8221; position_text_align=&#8221;center&#8221; position_font_size=&#8221;15px&#8221; custom_margin=&#8221;|-20px|||false|false&#8221;]<\/p>\n<ul>\n<li>Mitgliedergewinnung \/ Jugendarbeit \/ Nachwuchsf\u00f6rderung<\/li>\n<li>Mitgliederverwaltung und -betreuung<\/li>\n<li>Einberufung von Mitgliederversammlungen und Vorstandssitzungen<\/li>\n<li>Planung und Steuerung der Gesamtentwicklung <\/li>\n<li>Innovationsbeauftragter und Aufsichtsrat des Vorstandes und des Beirates<\/li>\n<\/ul>\n<p>[\/et_pb_team_member][\/et_pb_column][et_pb_column type=&#8221;1_5&#8243; _builder_version=&#8221;3.27.4&#8243;][et_pb_team_member name=&#8221;Manuel Metternich&#8221; position=&#8221;Schatzmeister&#8221; image_url=&#8221;http:\/\/www.kg-wirges.de\/new\/wp-content\/uploads\/2020\/01\/Manuel_Profil-300&#215;300.jpg&#8221; module_class=&#8221;b3_team&#8221; _builder_version=&#8221;4.0.11&#8243; header_level=&#8221;h5&#8243; header_text_align=&#8221;center&#8221; position_font=&#8221;|600|||||||&#8221; position_text_align=&#8221;center&#8221; position_font_size=&#8221;15px&#8221; custom_margin=&#8221;|-20px|||false|false&#8221;]<\/p>\n<ul>\n<li>Kassen- und Buchf\u00fchrung \/ Betreuung des Bankverkehrs<\/li>\n<li>Einnahme \/ Einzug \/ Verwaltung von Mitgliedsbeitr\u00e4gen<\/li>\n<li>Verwaltung \/ \u00dcberwachung des Verm\u00f6gens<\/li>\n<li>Erstellung eines Haushaltsplans<\/li>\n<li>Rechnungspr\u00fcfung und Abschluss von Versicherungsvertr\u00e4gen<\/li>\n<\/ul>\n<p>[\/et_pb_team_member][\/et_pb_column][et_pb_column type=&#8221;1_5&#8243; _builder_version=&#8221;3.27.4&#8243;][et_pb_team_member name=&#8221;Frederic Gielsdorf&#8221; position=&#8221;Schriftf\u00fchrer&#8221; image_url=&#8221;http:\/\/www.kg-wirges.de\/new\/wp-content\/uploads\/2020\/01\/Fredi_Profil-300&#215;300.jpg&#8221; module_class=&#8221;b3_team&#8221; _builder_version=&#8221;4.0.11&#8243; header_level=&#8221;h5&#8243; header_text_align=&#8221;center&#8221; position_font=&#8221;|600|||||||&#8221; position_text_align=&#8221;center&#8221; position_font_size=&#8221;15px&#8221; custom_margin=&#8221;|-20px|||false|false&#8221;]<\/p>\n<ul>\n<li>Verantwortung f\u00fcr die interne Kommunikation <\/li>\n<li>Vereinskorrespondenz \/ Unterzeichnung aller Korrespondenzen des Vereines<\/li>\n<li>Protokollf\u00fchrung auf Versammlungen und Sitzungen<\/li>\n<li>Erstellung des Jahresberichtes und des Rechenschaftsberichtes<\/li>\n<li>Bestellung von Drucksachen und Bearbeitung von Antr\u00e4gen<\/li>\n<\/ul>\n<p>[\/et_pb_team_member][\/et_pb_column][et_pb_column type=&#8221;1_5&#8243; _builder_version=&#8221;3.27.4&#8243;][et_pb_team_member name=&#8221;Markus Schlotter&#8221; position=&#8221;Stadtbeauftragter&#8221; image_url=&#8221;http:\/\/www.kg-wirges.de\/new\/wp-content\/uploads\/2020\/01\/Markus_Profil-300&#215;300.jpg&#8221; module_class=&#8221;b3_team&#8221; _builder_version=&#8221;4.0.11&#8243; header_level=&#8221;h5&#8243; header_text_align=&#8221;center&#8221; position_font=&#8221;|600|||||||&#8221; position_text_align=&#8221;center&#8221; position_font_size=&#8221;15px&#8221; custom_margin=&#8221;|-20px|||false|false&#8221;]<\/p>\n<ul>\n<li>Vertretung gegen\u00fcber Beh\u00f6rden und Verb\u00e4nden <\/li>\n<li>Vertretung des Vereines bei Veranstaltungen anderer Vereine<\/li>\n<li>F\u00f6rderung und Pflege von Vereinskooperationen \/ \u00d6ffentlichkeitsarbeit<\/li>\n<li>Betreuung des Vereinsbeirates und Repr\u00e4sentation des Vereines nach au\u00dfen<\/li>\n<li>Regelm\u00e4\u00dfige Inventarisierung \/ Inventur des Vereinsbesitzes<\/li>\n<\/ul>\n<p>[\/et_pb_team_member][\/et_pb_column][\/et_pb_row][et_pb_row _builder_version=&#8221;3.27.4&#8243;][et_pb_column type=&#8221;4_4&#8243; _builder_version=&#8221;3.27.4&#8243;][et_pb_text _builder_version=&#8221;4.0.11&#8243; hover_enabled=&#8221;0&#8243;]<\/p>\n<p style=\"text-align: center;\"><a href=\"http:\/\/www.kg-wirges.de\/new\/wp-content\/uploads\/2020\/01\/Gruppe_1024.jpg\"><img loading=\"lazy\" src=\"http:\/\/www.kg-wirges.de\/new\/wp-content\/uploads\/2020\/01\/Gruppe_800.jpg\" alt=\"\" class=\"wp-image-1113 alignnone size-full\" width=\"800\" height=\"533\" srcset=\"http:\/\/www.kg-wirges.de\/new\/wp-content\/uploads\/2020\/01\/Gruppe_800.jpg 800w, http:\/\/www.kg-wirges.de\/new\/wp-content\/uploads\/2020\/01\/Gruppe_800-480x320.jpg 480w\" sizes=\"(min-width: 0px) and (max-width: 480px) 480px, (min-width: 481px) 800px, 100vw\" \/><\/a><\/p>\n<p style=\"text-align: center;\">Die Mitglieder des Vorstandes \u00fcben ihre T\u00e4tigkeit ehrenamtlich aus und werden von der Mitgliederversammlung f\u00fcr die Dauer von drei Jahren gew\u00e4hlt. Mitglieder des Vorstandes sind, gem\u00e4\u00df Satzung und der oben aufgef\u00fchrten Aufgabenbereiche, ein\/e Gesch\u00e4ftsf\u00fchrer\/in, ein\/e Mitgliedsbeauftrage\/r, ein\/e Schatzmeister\/in, ein\/e Schriftf\u00fchrer\/in, ein\/e Stadtbeauftragte\/r. Der Vorstand f\u00fchrt die Gesch\u00e4fte des Vereines, berichtet der Mitgliederversammlung, unterbreitet den Haushaltsplan des Gesch\u00e4ftsjahres und leitet die Mitgliederversammlung. Die Aufgabenverteilung innerhalb des Vorstandes wird durch die Gesch\u00e4ftsordnung geregelt.<\/p>\n<p>[\/et_pb_text][\/et_pb_column][\/et_pb_row][\/et_pb_section]<\/p>\n","protected":false},"excerpt":{"rendered":"<p>Der gesch\u00e4ftsf\u00fchrende Vorstand der Kirmesgesellschaft Wirges e.V. besteht aus f\u00fcnf gleichberechtigten Mitgliedern. Der gesch\u00e4ftsf\u00fchrende Vorstand des Vereines ist derzeit wie folgt besetzt: Mittelbeschaffung \/ Sponsoring \/ Beantragung von F\u00f6rdermitteln Vorbereitung [&hellip;]<\/p>\n","protected":false},"author":1,"featured_media":0,"parent":71,"menu_order":0,"comment_status":"closed","ping_status":"closed","template":"","meta":{"_et_pb_use_builder":"on","_et_pb_old_content":"<!-- wp:divi\/placeholder \/-->","_et_gb_content_width":""},"_links":{"self":[{"href":"http:\/\/kg-wirges.de\/new\/index.php?rest_route=\/wp\/v2\/pages\/306"}],"collection":[{"href":"http:\/\/kg-wirges.de\/new\/index.php?rest_route=\/wp\/v2\/pages"}],"about":[{"href":"http:\/\/kg-wirges.de\/new\/index.php?rest_route=\/wp\/v2\/types\/page"}],"author":[{"embeddable":true,"href":"http:\/\/kg-wirges.de\/new\/index.php?rest_route=\/wp\/v2\/users\/1"}],"replies":[{"embeddable":true,"href":"http:\/\/kg-wirges.de\/new\/index.php?rest_route=%2Fwp%2Fv2%2Fcomments&post=306"}],"version-history":[{"count":0,"href":"http:\/\/kg-wirges.de\/new\/index.php?rest_route=\/wp\/v2\/pages\/306\/revisions"}],"up":[{"embeddable":true,"href":"http:\/\/kg-wirges.de\/new\/index.php?rest_route=\/wp\/v2\/pages\/71"}],"wp:attachment":[{"href":"http:\/\/kg-wirges.de\/new\/index.php?rest_route=%2Fwp%2Fv2%2Fmedia&parent=306"}],"curies":[{"name":"wp","href":"https:\/\/api.w.org\/{rel}","templated":true}]}}