{"id":337,"date":"2019-09-10T08:48:16","date_gmt":"2019-09-10T06:48:16","guid":{"rendered":"http:\/\/www.kg-wirges.de\/new\/?page_id=337"},"modified":"2020-01-04T17:03:07","modified_gmt":"2020-01-04T16:03:07","slug":"geschaeftsjahr-2020","status":"publish","type":"page","link":"http:\/\/kg-wirges.de\/new\/?page_id=337","title":{"rendered":"Kirmesjahr 2020"},"content":{"rendered":"<p>[et_pb_section fb_built=&#8221;1&#8243; _builder_version=&#8221;3.27.4&#8243; fb_built=&#8221;1&#8243; _i=&#8221;0&#8243; _address=&#8221;0&#8243;][et_pb_row _builder_version=&#8221;3.27.4&#8243; _i=&#8221;0&#8243; _address=&#8221;0.0&#8243;][et_pb_column type=&#8221;4_4&#8243; _builder_version=&#8221;3.27.4&#8243; _i=&#8221;0&#8243; _address=&#8221;0.0.0&#8243;][et_pb_text _builder_version=&#8221;3.27.4&#8243; text_orientation=&#8221;center&#8221; hover_enabled=&#8221;0&#8243; _i=&#8221;0&#8243; _address=&#8221;0.0.0.0&#8243; custom_padding=&#8221;5px|||||&#8221;]<\/p>\n<h2 style=\"text-align: center;\">KIRMESJAHR 2020<\/h2>\n<p>&nbsp;<\/p>\n<p style=\"text-align: center;\">Pressemitteilungen und -berichte \u00fcber die Kirmesgesellschaft Wirges e.V. und ihre Aktivit\u00e4ten im Gesch\u00e4ftsjahr 2020.<\/p>\n<p>[\/et_pb_text][\/et_pb_column][\/et_pb_row][\/et_pb_section]<\/p>\n","protected":false},"excerpt":{"rendered":"<p>KIRMESJAHR 2020 &nbsp; Pressemitteilungen und -berichte \u00fcber die Kirmesgesellschaft Wirges e.V. und ihre Aktivit\u00e4ten im Gesch\u00e4ftsjahr 2020.<\/p>\n","protected":false},"author":1,"featured_media":0,"parent":335,"menu_order":0,"comment_status":"closed","ping_status":"closed","template":"","meta":{"_et_pb_use_builder":"on","_et_pb_old_content":"","_et_gb_content_width":""},"_links":{"self":[{"href":"http:\/\/kg-wirges.de\/new\/index.php?rest_route=\/wp\/v2\/pages\/337"}],"collection":[{"href":"http:\/\/kg-wirges.de\/new\/index.php?rest_route=\/wp\/v2\/pages"}],"about":[{"href":"http:\/\/kg-wirges.de\/new\/index.php?rest_route=\/wp\/v2\/types\/page"}],"author":[{"embeddable":true,"href":"http:\/\/kg-wirges.de\/new\/index.php?rest_route=\/wp\/v2\/users\/1"}],"replies":[{"embeddable":true,"href":"http:\/\/kg-wirges.de\/new\/index.php?rest_route=%2Fwp%2Fv2%2Fcomments&post=337"}],"version-history":[{"count":0,"href":"http:\/\/kg-wirges.de\/new\/index.php?rest_route=\/wp\/v2\/pages\/337\/revisions"}],"up":[{"embeddable":true,"href":"http:\/\/kg-wirges.de\/new\/index.php?rest_route=\/wp\/v2\/pages\/335"}],"wp:attachment":[{"href":"http:\/\/kg-wirges.de\/new\/index.php?rest_route=%2Fwp%2Fv2%2Fmedia&parent=337"}],"curies":[{"name":"wp","href":"https:\/\/api.w.org\/{rel}","templated":true}]}}