{"id":340,"date":"2019-09-10T08:50:32","date_gmt":"2019-09-10T06:50:32","guid":{"rendered":"http:\/\/www.kg-wirges.de\/new\/?page_id=340"},"modified":"2020-01-04T17:05:32","modified_gmt":"2020-01-04T16:05:32","slug":"sponsoren","status":"publish","type":"page","link":"http:\/\/kg-wirges.de\/new\/?page_id=340","title":{"rendered":"Sponsoren"},"content":{"rendered":"<p>[et_pb_section fb_built=&#8221;1&#8243; _builder_version=&#8221;3.27.4&#8243; fb_built=&#8221;1&#8243; _i=&#8221;0&#8243; _address=&#8221;0&#8243;][et_pb_row _builder_version=&#8221;3.27.4&#8243; _i=&#8221;0&#8243; _address=&#8221;0.0&#8243;][et_pb_column type=&#8221;4_4&#8243; _builder_version=&#8221;3.27.4&#8243; _i=&#8221;0&#8243; _address=&#8221;0.0.0&#8243;][et_pb_text _builder_version=&#8221;3.27.4&#8243; text_orientation=&#8221;center&#8221; hover_enabled=&#8221;0&#8243; _i=&#8221;0&#8243; _address=&#8221;0.0.0.0&#8243;]<\/p>\n<h2 style=\"text-align: center;\">SPONSOREN<\/h2>\n<p>&nbsp;<\/p>\n<p style=\"text-align: center;\">Der Verein Kirmesgesellschaft Wirges e.V. freut sich jederzeit \u00fcber Sponsoren aus Wirges und Umgebung, die uns und unsere gemeinn\u00fctzige Arbeit f\u00fcr die Stadt und ihre Einwohnerinnen und Einwohner tatkr\u00e4ftig unterst\u00fctzen wollen. Es gibt diverser Sponsoringm\u00f6glichkeiten und unterschiedliche Sponsoringmitgliedschaften (Sponsor, Premiumsponsor, Hauptsponsor), die auch unsererseits mit entsprechenden ideellen Gegenleistungen verbunden sind. Nehmen Sie hierzu doch einfach Kontakt mit uns auf.\u00a0<\/p>\n<p style=\"text-align: center;\"><a href=\"mailto:vorstand@kg-wirges.de\" target=\"_blank\" rel=\"noopener noreferrer\"><strong>E-Mail<\/strong><\/a><\/p>\n<p>[\/et_pb_text][\/et_pb_column][\/et_pb_row][\/et_pb_section]<\/p>\n","protected":false},"excerpt":{"rendered":"<p>SPONSOREN &nbsp; Der Verein Kirmesgesellschaft Wirges e.V. freut sich jederzeit \u00fcber Sponsoren aus Wirges und Umgebung, die uns und unsere gemeinn\u00fctzige Arbeit f\u00fcr die Stadt und ihre Einwohnerinnen und Einwohner [&hellip;]<\/p>\n","protected":false},"author":1,"featured_media":0,"parent":335,"menu_order":0,"comment_status":"closed","ping_status":"closed","template":"","meta":{"_et_pb_use_builder":"on","_et_pb_old_content":"<!-- wp:divi\/placeholder \/-->","_et_gb_content_width":""},"_links":{"self":[{"href":"http:\/\/kg-wirges.de\/new\/index.php?rest_route=\/wp\/v2\/pages\/340"}],"collection":[{"href":"http:\/\/kg-wirges.de\/new\/index.php?rest_route=\/wp\/v2\/pages"}],"about":[{"href":"http:\/\/kg-wirges.de\/new\/index.php?rest_route=\/wp\/v2\/types\/page"}],"author":[{"embeddable":true,"href":"http:\/\/kg-wirges.de\/new\/index.php?rest_route=\/wp\/v2\/users\/1"}],"replies":[{"embeddable":true,"href":"http:\/\/kg-wirges.de\/new\/index.php?rest_route=%2Fwp%2Fv2%2Fcomments&post=340"}],"version-history":[{"count":0,"href":"http:\/\/kg-wirges.de\/new\/index.php?rest_route=\/wp\/v2\/pages\/340\/revisions"}],"up":[{"embeddable":true,"href":"http:\/\/kg-wirges.de\/new\/index.php?rest_route=\/wp\/v2\/pages\/335"}],"wp:attachment":[{"href":"http:\/\/kg-wirges.de\/new\/index.php?rest_route=%2Fwp%2Fv2%2Fmedia&parent=340"}],"curies":[{"name":"wp","href":"https:\/\/api.w.org\/{rel}","templated":true}]}}