{"id":811,"date":"2020-01-04T02:10:08","date_gmt":"2020-01-04T01:10:08","guid":{"rendered":"http:\/\/www.kg-wirges.de\/?page_id=811"},"modified":"2020-01-04T02:10:44","modified_gmt":"2020-01-04T01:10:44","slug":"811-2","status":"publish","type":"page","link":"http:\/\/kg-wirges.de\/new\/?page_id=811","title":{"rendered":"Unser Wappen"},"content":{"rendered":"<p>[et_pb_section fb_built=&#8221;1&#8243; _builder_version=&#8221;3.27.4&#8243; fb_built=&#8221;1&#8243; _i=&#8221;0&#8243; _address=&#8221;0&#8243;][et_pb_row _builder_version=&#8221;3.27.4&#8243; hover_enabled=&#8221;0&#8243; _i=&#8221;0&#8243; _address=&#8221;0.0&#8243;][et_pb_column type=&#8221;4_4&#8243; _builder_version=&#8221;3.27.4&#8243; _i=&#8221;0&#8243; _address=&#8221;0.0.0&#8243;][et_pb_image src=&#8221;http:\/\/www.kg-wirges.de\/new\/wp-content\/uploads\/2019\/09\/01_Logo_transparenz-300&#215;300.png&#8221; _builder_version=&#8221;3.27.4&#8243; align=&#8221;center&#8221; hover_enabled=&#8221;0&#8243;][\/et_pb_image][\/et_pb_column][\/et_pb_row][et_pb_row _builder_version=&#8221;3.27.4&#8243; _i=&#8221;1&#8243; _address=&#8221;0.1&#8243;][et_pb_column type=&#8221;4_4&#8243; _builder_version=&#8221;3.27.4&#8243; _i=&#8221;0&#8243; _address=&#8221;0.1.0&#8243;][et_pb_text _builder_version=&#8221;3.27.4&#8243; ul_text_align=&#8221;center&#8221; hover_enabled=&#8221;0&#8243; _i=&#8221;0&#8243; _address=&#8221;0.1.0.0&#8243;]<\/p>\n<p style=\"text-align: center;\">Dies ist das offizielle Wappen der Kirmesgesellschaft Wirges e.V.! Die Blasonierung lautet wie folgt: Auf Blau im Vordergrund eine rotbebutzte, gr\u00fcnbespitzte, heraldische Rose mit silbernen Bl\u00fctenbl\u00e4ttern. Dahinter das traditionelle Symbol der Glasmacher, entsprechend der Tradition der Stadt Wirges als historischer Industriestandort f\u00fcr die Glasverarbeitung. Die liegende Acht symbolisiert den Werkstoff Glas auf der linken Seite als fl\u00fcssige Glasschmelze und auf der rechten Seite in nicht kristallinem festen Zustand. In den \u00dcbergangsbereich der beiden Zust\u00e4nde sticht, als Herrschaftsbeweis des Menschen \u00fcber die Natur, ein metallenes Schwert, das f\u00fcr die Glasmacherpfeife steht. Im Kontext des Vereines symbolisiert die liegende Acht als Zeichen der Unendlichkeit den anstrebt ewigw\u00e4hrenden Fortbestand der Wirgeser Kirchweihtradition, sowie die unumg\u00e4ngliche, enge Verbindung der Teilgruppen der Kirmesjugend (linke Schlaufe), der Nachl\u00e4ufer (rechte Schlaufe), sowie der Kirmesgesellschaft, die, symbolisiert durch ein stilisiertes Kreuz, das den \u00dcbergang zusammenh\u00e4lt, als Bindeglied in der christlichen Tradition des Kirchweihfestes fungiert. Die Wappeninschrift f\u00fchrt den Namen des Vereines und sein Gr\u00fcndungsjahr 2019.<\/p>\n<p>[\/et_pb_text][\/et_pb_column][\/et_pb_row][\/et_pb_section]<\/p>\n","protected":false},"excerpt":{"rendered":"<p>Dies ist das offizielle Wappen der Kirmesgesellschaft Wirges e.V.! Die Blasonierung lautet wie folgt: Auf Blau im Vordergrund eine rotbebutzte, gr\u00fcnbespitzte, heraldische Rose mit silbernen Bl\u00fctenbl\u00e4ttern. Dahinter das traditionelle Symbol [&hellip;]<\/p>\n","protected":false},"author":1,"featured_media":0,"parent":71,"menu_order":0,"comment_status":"closed","ping_status":"closed","template":"","meta":{"_et_pb_use_builder":"on","_et_pb_old_content":"","_et_gb_content_width":""},"_links":{"self":[{"href":"http:\/\/kg-wirges.de\/new\/index.php?rest_route=\/wp\/v2\/pages\/811"}],"collection":[{"href":"http:\/\/kg-wirges.de\/new\/index.php?rest_route=\/wp\/v2\/pages"}],"about":[{"href":"http:\/\/kg-wirges.de\/new\/index.php?rest_route=\/wp\/v2\/types\/page"}],"author":[{"embeddable":true,"href":"http:\/\/kg-wirges.de\/new\/index.php?rest_route=\/wp\/v2\/users\/1"}],"replies":[{"embeddable":true,"href":"http:\/\/kg-wirges.de\/new\/index.php?rest_route=%2Fwp%2Fv2%2Fcomments&post=811"}],"version-history":[{"count":0,"href":"http:\/\/kg-wirges.de\/new\/index.php?rest_route=\/wp\/v2\/pages\/811\/revisions"}],"up":[{"embeddable":true,"href":"http:\/\/kg-wirges.de\/new\/index.php?rest_route=\/wp\/v2\/pages\/71"}],"wp:attachment":[{"href":"http:\/\/kg-wirges.de\/new\/index.php?rest_route=%2Fwp%2Fv2%2Fmedia&parent=811"}],"curies":[{"name":"wp","href":"https:\/\/api.w.org\/{rel}","templated":true}]}}