{"id":879,"date":"2020-01-04T17:25:18","date_gmt":"2020-01-04T16:25:18","guid":{"rendered":"http:\/\/www.kg-wirges.de\/?page_id=879"},"modified":"2022-04-22T14:21:33","modified_gmt":"2022-04-22T12:21:33","slug":"mitglied-werden","status":"publish","type":"page","link":"http:\/\/kg-wirges.de\/new\/?page_id=879","title":{"rendered":"Mitglied werden"},"content":{"rendered":"<p>[et_pb_section fb_built=&#8221;1&#8243; _builder_version=&#8221;3.27.4&#8243;][et_pb_row _builder_version=&#8221;3.27.4&#8243;][et_pb_column type=&#8221;4_4&#8243; _builder_version=&#8221;3.27.4&#8243;][et_pb_text _builder_version=&#8221;4.0.11&#8243; text_orientation=&#8221;center&#8221; hover_enabled=&#8221;0&#8243;]<\/p>\n<h2 style=\"text-align: center;\">MITGLIED \/ F\u00d6RDERER \/ SPONSOR WERDEN<\/h2>\n<p style=\"text-align: center;\">Der Verein Kirmesgesellschaft Wirges e.V. f\u00fchrt ordentliche, au\u00dferordentliche, f\u00f6rdernde und Ehrenmitglieder. (Vereinssatzung \u00a74). Ordentliche Mitglieder sind alle aktiven Mitglieder, die das 18. Lebensjahr vollendet haben. (4.1.a.) Au\u00dferordentliche Mitglieder sind alle aktiven Mitglieder, die das 18. Lebensjahr noch nicht vollendet haben oder Mitglieder der amtierenden Kirmesjugend sind. (4.2.a.) Jugendliche (au\u00dferordentliche) Mitglieder werden mit Vollendung des 18. Lebensjahres zu ordentlichen Mitgliedern. Das Ausscheiden aus der amtierenden Kirmesjugend hat, im Falle der Vollj\u00e4hrigkeit, eine automatische \u00c4nderung des Mitgliedsstatus zur Folge (von \u201eau\u00dferordentlich\u201c zu \u201eordentlich\u201c). (4.2.c.)<\/p>\n<p style=\"text-align: center;\">Nat\u00fcrliche Personen k\u00f6nnen dann f\u00f6rdernde Mitglieder werden, wenn Sie den Verein finanziell unterst\u00fctzen m\u00f6chten, aber kein Interesse an einer aktiven Mitgliedschaft \/ Mitarbeit haben. (4.3.a.) Juristische Personen k\u00f6nnen nur als f\u00f6rdernde Mitglieder aufgenommen werden. (4.3.b.)<\/p>\n<p style=\"text-align: center;\">Die Kirmesgesellschaft Wirges e.V. unterscheidet gem\u00e4\u00df Vereinsordnung und Satzung zwischen drei unterschiedlichen Typen der F\u00f6rdermitgliedschaft, gestaffelt und orientiert an dem durch das F\u00f6rdermitglied selbstst\u00e4ndig und frei festzulegenden Jahresbeitragssatz von jedoch mindestens 12 Euro pro Jahr. Abh\u00e4ngig von der j\u00e4hrlichen F\u00f6rderbeitragssumme (F\u00f6rdermitgliedschaft M 12-49 Euro, F\u00f6rdermitgliedschaft L 50-99 Euro, F\u00f6rdermitgliedschaft XL 100-149 Euro, F\u00f6rdermitgliedschaft XXL 150-249 Euro ; jeweils pro Jahr) erh\u00e4lt das F\u00f6rdermitglied beruhend auf der Art der Mitgliedschaft Leistungen (beispielsweise j\u00e4hrlich eine Kirmeszeitung frei Haus) aus Mitteln des Vereines. F\u00fcr n\u00e4here Informationen bitten wir um Kontaktaufnahme zum gesch\u00e4ftsf\u00fchrenden Vorstand (E-Mail-Adresse, siehe unten).<\/p>\n<p style=\"text-align: center;\">Sie m\u00f6chten uns unterst\u00fctzen und F\u00f6rdermitglied des Vereines werden? F\u00fcllen Sie einfach unseren Mitgliedsantrag (Selbstdruck) aus und geben Sie ihn unterschrieben bei einem unserer Vorstandsmitglieder ab. Der Vorstand setzt sich sodann zeitnah mit Ihnen in Verbindung.<br \/>\n\u201e<a href=\"http:\/\/www.kg-wirges.de\/new\/wp-content\/uploads\/2022\/04\/Mitgliedsantrag-2022-KG-Wirges.pdf\" target=\"_blank\" rel=\"noopener noreferrer\">Hier geht es zum Download des selbst ausdruckbaren Mitgliedsantrags.<\/a>\u201c<\/p>\n<p style=\"text-align: center;\">Der Umwelt zuliebe keine Lust auf Papierverschwendung? Kein Problem! Laden Sie sich einfach unseren elektronisch ausf\u00fcllbaren Mitgliedsantrag als PDF-Formular runter, setzen Sie ihre digitale Unterschrift darunter und schicken Sie uns die Datei mit ihrem vollst\u00e4ndigen Vor- und Zunamen via E-Mail an <a href=\"mailto:vorstand@kg-wirges.de\">vorstand@kg-wirges.de<\/a>. \u201e<a href=\"http:\/\/www.kg-wirges.de\/new\/wp-content\/uploads\/2022\/04\/Mitgliedsantrag_2022_-_KG_Wirges2.pdf\" target=\"_blank\" rel=\"noopener noreferrer\">Hier geht es zum Download des ausf\u00fcllbaren PDF-Formulars.<\/a>\u201c<\/p>\n<p style=\"text-align: center;\">Weitere Informationen findet ihr auch in unserem Datenschutzgrundblatt<br \/>\n\u201e<a href=\"http:\/\/www.kg-wirges.de\/new\/wp-content\/uploads\/2022\/04\/Datenschutzgrundblatt-2022-KG-Wirges.pdf\" target=\"_blank\" rel=\"noopener noreferrer\">Hier geht es zum Download des Datenschutzgrundblattes.<\/a>\u201c<\/p>\n<p style=\"text-align: center;\">Sie sind Besitzer\/in einer ortsans\u00e4ssigen Firma und wollen der \u00f6rtlichen Brauchtumspflege finanziell unter die Arme greifen? Ab einer F\u00f6rdersumme von 250 Euro pro Jahr k\u00f6nnen Sie Sponsor der Kirmesgesellschaft Wirges e.V. werden, ab einer F\u00f6rdersumme von 500 Euro pro Jahr Premiumsponsor, ab einer F\u00f6rdersumme von 1000 Euro pro Jahr Hauptsponsor. Alle Sponsoringmitgliedschaften juristischer Personen sind mit entsprechenden Leistungen verbunden. F\u00fcr n\u00e4here Informationen bitten wir um Kontaktaufnahme zum gesch\u00e4ftsf\u00fchrenden Vorstand (E-Mail-Adresse, siehe oben). Entsprechende F\u00f6rdersummen k\u00f6nnen gegebenenfalls steuerlich abgesetzt werden.<\/p>\n<p style=\"text-align: center;\">Wir freuen uns \u00fcber tatkr\u00e4ftige Unterst\u00fctzung aus den Reihen der Wirgeser Bev\u00f6lkerung.<\/p>\n<p>[\/et_pb_text][\/et_pb_column][\/et_pb_row][\/et_pb_section]<\/p>\n","protected":false},"excerpt":{"rendered":"<p>MITGLIED \/ F\u00d6RDERER \/ SPONSOR WERDEN Der Verein Kirmesgesellschaft Wirges e.V. f\u00fchrt ordentliche, au\u00dferordentliche, f\u00f6rdernde und Ehrenmitglieder. (Vereinssatzung \u00a74). Ordentliche Mitglieder sind alle aktiven Mitglieder, die das 18. Lebensjahr vollendet [&hellip;]<\/p>\n","protected":false},"author":1,"featured_media":0,"parent":0,"menu_order":0,"comment_status":"closed","ping_status":"closed","template":"","meta":{"_et_pb_use_builder":"on","_et_pb_old_content":"","_et_gb_content_width":""},"_links":{"self":[{"href":"http:\/\/kg-wirges.de\/new\/index.php?rest_route=\/wp\/v2\/pages\/879"}],"collection":[{"href":"http:\/\/kg-wirges.de\/new\/index.php?rest_route=\/wp\/v2\/pages"}],"about":[{"href":"http:\/\/kg-wirges.de\/new\/index.php?rest_route=\/wp\/v2\/types\/page"}],"author":[{"embeddable":true,"href":"http:\/\/kg-wirges.de\/new\/index.php?rest_route=\/wp\/v2\/users\/1"}],"replies":[{"embeddable":true,"href":"http:\/\/kg-wirges.de\/new\/index.php?rest_route=%2Fwp%2Fv2%2Fcomments&post=879"}],"version-history":[{"count":2,"href":"http:\/\/kg-wirges.de\/new\/index.php?rest_route=\/wp\/v2\/pages\/879\/revisions"}],"predecessor-version":[{"id":2090,"href":"http:\/\/kg-wirges.de\/new\/index.php?rest_route=\/wp\/v2\/pages\/879\/revisions\/2090"}],"wp:attachment":[{"href":"http:\/\/kg-wirges.de\/new\/index.php?rest_route=%2Fwp%2Fv2%2Fmedia&parent=879"}],"curies":[{"name":"wp","href":"https:\/\/api.w.org\/{rel}","templated":true}]}}