{"id":1337,"date":"2020-08-21T12:30:09","date_gmt":"2020-08-21T10:30:09","guid":{"rendered":"http:\/\/www.kg-wirges.de\/?post_type=product&#038;p=1337"},"modified":"2020-08-22T12:59:10","modified_gmt":"2020-08-22T10:59:10","slug":"kg-mini-flaschenoeffner","status":"publish","type":"product","link":"http:\/\/kg-wirges.de\/new\/?product=kg-mini-flaschenoeffner","title":{"rendered":"KG Mini-Flaschen\u00f6ffner"},"content":{"rendered":"<p>Mit seiner Gr\u00f6\u00dfe passt er perfekt in jede Tasche und an jeden Schl\u00fcsselbund.<\/p>\n<p>L\u00e4nge: ca. 56 mm<br \/>\nBreite: ca. 10 mm<br \/>\nH\u00f6he: ca. 3 mm<br \/>\nGewicht: ca. 8 g<br \/>\nMaterial: Aluminium<br \/>\nAusf\u00fchrung: Blau mit Spruch \u201cDomstadt Wirges\u201d.<br \/>\nBesonderheiten: Mini-Flaschen\u00f6ffner f\u00fcr den Schl\u00fcsselbund.<\/p>\n","protected":false},"excerpt":{"rendered":"<p>Mit seiner Gr\u00f6\u00dfe passt er perfekt in jede Tasche und an jeden Schl\u00fcsselbund.<\/p>\n","protected":false},"featured_media":1375,"comment_status":"open","ping_status":"closed","template":"","meta":{"_et_pb_use_builder":"","_et_pb_old_content":"","_et_gb_content_width":""},"product_cat":[33],"product_tag":[],"_links":{"self":[{"href":"http:\/\/kg-wirges.de\/new\/index.php?rest_route=\/wp\/v2\/product\/1337"}],"collection":[{"href":"http:\/\/kg-wirges.de\/new\/index.php?rest_route=\/wp\/v2\/product"}],"about":[{"href":"http:\/\/kg-wirges.de\/new\/index.php?rest_route=\/wp\/v2\/types\/product"}],"replies":[{"embeddable":true,"href":"http:\/\/kg-wirges.de\/new\/index.php?rest_route=%2Fwp%2Fv2%2Fcomments&post=1337"}],"wp:featuredmedia":[{"embeddable":true,"href":"http:\/\/kg-wirges.de\/new\/index.php?rest_route=\/wp\/v2\/media\/1375"}],"wp:attachment":[{"href":"http:\/\/kg-wirges.de\/new\/index.php?rest_route=%2Fwp%2Fv2%2Fmedia&parent=1337"}],"wp:term":[{"taxonomy":"product_cat","embeddable":true,"href":"http:\/\/kg-wirges.de\/new\/index.php?rest_route=%2Fwp%2Fv2%2Fproduct_cat&post=1337"},{"taxonomy":"product_tag","embeddable":true,"href":"http:\/\/kg-wirges.de\/new\/index.php?rest_route=%2Fwp%2Fv2%2Fproduct_tag&post=1337"}],"curies":[{"name":"wp","href":"https:\/\/api.w.org\/{rel}","templated":true}]}}